{"id":86,"date":"2013-09-19T20:24:26","date_gmt":"2013-09-19T18:24:26","guid":{"rendered":"http:\/\/www.scselters.de\/?page_id=86"},"modified":"2025-07-11T18:35:25","modified_gmt":"2025-07-11T16:35:25","slug":"die-geschichte-des-schwimmens-in-selters","status":"publish","type":"page","link":"https:\/\/www.sc-selters.de\/?page_id=86","title":{"rendered":"Schwimmen in Selters"},"content":{"rendered":"\n<style type=\"text\/css\" data-created_by=\"avia_inline_auto\" id=\"style-css-av-1mtw2-510ec2e448f92a25d7c5a3614cd79921\">\n#top .av-special-heading.av-1mtw2-510ec2e448f92a25d7c5a3614cd79921{\npadding-bottom:10px;\nfont-size:50px;\n}\nbody .av-special-heading.av-1mtw2-510ec2e448f92a25d7c5a3614cd79921 .av-special-heading-tag .heading-char{\nfont-size:25px;\n}\n#top #wrap_all .av-special-heading.av-1mtw2-510ec2e448f92a25d7c5a3614cd79921 .av-special-heading-tag{\nfont-size:50px;\n}\n.av-special-heading.av-1mtw2-510ec2e448f92a25d7c5a3614cd79921 .av-subheading{\nfont-size:30px;\n}\n\n@media only screen and (min-width: 480px) and (max-width: 767px){ \n#top #wrap_all .av-special-heading.av-1mtw2-510ec2e448f92a25d7c5a3614cd79921 .av-special-heading-tag{\nfont-size:0.8em;\n}\n}\n\n@media only screen and (max-width: 479px){ \n#top #wrap_all .av-special-heading.av-1mtw2-510ec2e448f92a25d7c5a3614cd79921 .av-special-heading-tag{\nfont-size:0.8em;\n}\n}\n<\/style>\n<div  class='av-special-heading av-1mtw2-510ec2e448f92a25d7c5a3614cd79921 av-special-heading-h3 blockquote classic-quote  avia-builder-el-0  el_before_av_two_third  avia-builder-el-first  av-inherit-size'><h3 class='av-special-heading-tag'  itemprop=\"headline\"  >\u00dcber uns &#8230;<\/h3><div class='av-subheading av-subheading_below'><p>&#8222;Die Schwimmabteilung des SC Selters&#8220;<\/p>\n<\/div><div class=\"special-heading-border\"><div class=\"special-heading-inner-border\"><\/div><\/div><\/div>\n<div class='flex_column av-8kfm6-5451ec187204646080faf1848315b7d2 av_two_third  avia-builder-el-1  el_after_av_heading  el_before_av_one_third  first flex_column_div '     ><section  class='av_textblock_section av-87oz2-f34aec1dc6dc63a0b5998e144aae146d'  itemscope=\"itemscope\" itemtype=\"https:\/\/schema.org\/CreativeWork\" ><div class='avia_textblock'  itemprop=\"text\" ><p>Der SC Selters wurde 1984 als reiner Schwimmverein gegr\u00fcndet. Die heutige Schwimmabteilung hat ca. 130 Mitglieder.<br \/>\nSeit 1994 starten wir in der Startgemeinschaft Westerwald. Das Training findet ganz j\u00e4hrlich im Hallenbad in Dierdorf statt. Im Sommer bieten wir Zusatztraining im Freibad Herschbach an.<\/p>\n<p>Ziel ist es Nichtschwimmern und Freizeitschwimmern die verschiedenen Schwimmtechniken und den Spa\u00df an diesem Sport selbst zu vermitteln. Bei Interesse f\u00fchren wir die Aktiven \u00fcber ein leistungsorientiertes Training zum Wettkampfsport hin.<\/p>\n<p>Dienstags, mittwochs und samstags k\u00f6nnen unsere Mitglieder die Schwimmangebote nutzen. Nach dem Nichtschwimmerkurs geht es \u00fcber verschiedene nach K\u00f6nnen und Leistung abgestufte Gruppen bis hin zu den Wettkampfschwimmern. F\u00fcr die Leistungstr\u00e4ger besteht zudem die M\u00f6glichkeit weitere Trainingseinheiten bei den anderen Vereinen der SG Westerwald zu absolvieren.<br \/>\nAber auch wer keine Wettk\u00e4mpfe schwimmen m\u00f6chte ist bei uns gut aufgehoben. Viele nutzen die M\u00f6glichkeit um sich fit zu halten oder einen Ausgleich f\u00fcr den stressigen Alltag in Schule und Beruf zu suchen.<\/p>\n<p>Weiter Informationen wie Trainingszeiten und \u00dcbungsleiter finden Sie im Men\u00fc unter Schwimmen \u2026<\/p>\n<\/div><\/section><\/div>\n<style type=\"text\/css\" data-created_by=\"avia_inline_auto\" id=\"style-css-av-7gu5i-3590c3d8767ef3fcd774a5938460dcd0\">\n.flex_column.av-7gu5i-3590c3d8767ef3fcd774a5938460dcd0{\n-webkit-border-radius:0px 0px 0px 0px;\n-moz-border-radius:0px 0px 0px 0px;\nborder-radius:0px 0px 0px 0px;\npadding:0px 0px 0px 0px;\n}\n<\/style>\n<div class='flex_column av-7gu5i-3590c3d8767ef3fcd774a5938460dcd0 av_one_third  avia-builder-el-3  el_after_av_two_third  el_before_av_one_third  flex_column_div av-zero-column-padding '     ><style type=\"text\/css\" data-created_by=\"avia_inline_auto\" id=\"style-css-av-70q4y-a2b88f8acc52129db233e5a5bc74b452\">\n.avia-image-container.av-70q4y-a2b88f8acc52129db233e5a5bc74b452 img.avia_image{\nbox-shadow:none;\n}\n.avia-image-container.av-70q4y-a2b88f8acc52129db233e5a5bc74b452 .av-image-caption-overlay-center{\ncolor:#ffffff;\n}\n<\/style>\n<div  class='avia-image-container av-70q4y-a2b88f8acc52129db233e5a5bc74b452 av-styling- avia-align-center'   itemprop=\"image\" itemscope=\"itemscope\" itemtype=\"https:\/\/schema.org\/ImageObject\" ><div class=\"avia-image-container-inner\"><div class=\"avia-image-overlay-wrap\"><img decoding=\"async\" class='wp-image- avia-img-lazy-loading-not- avia_image ' src=\"http:\/\/www.sc-selters.de\/wp-content\/uploads\/2014\/03\/SC_Schwimmer_Logo_hoch.jpg\" alt='' title=''   itemprop=\"thumbnailUrl\"  \/><\/div><\/div><\/div><\/div><\/p>\n<div class='flex_column av-685ny-6472d1978a42ecd0e50739264a1014ca av_one_third  avia-builder-el-4  el_after_av_one_third  el_before_av_one_third  first flex_column_div column-top-margin'     ><p>\n<style type=\"text\/css\" data-created_by=\"avia_inline_auto\" id=\"style-css-av-5wed2-1e0e45a4a5c2e58ec9f47baf71a991cd\">\n.avia-image-container.av-5wed2-1e0e45a4a5c2e58ec9f47baf71a991cd img.avia_image{\nbox-shadow:none;\n}\n.avia-image-container.av-5wed2-1e0e45a4a5c2e58ec9f47baf71a991cd .av-image-caption-overlay-center{\ncolor:#ffffff;\n}\n<\/style>\n<div  class='avia-image-container av-5wed2-1e0e45a4a5c2e58ec9f47baf71a991cd av-styling- avia-align-center  avia-builder-el-5  el_before_av_image  avia-builder-el-first '   itemprop=\"image\" itemscope=\"itemscope\" itemtype=\"https:\/\/schema.org\/ImageObject\" ><div class=\"avia-image-container-inner\"><div class=\"avia-image-overlay-wrap\"><img decoding=\"async\" class='wp-image-854 avia-img-lazy-loading-not-854 avia_image ' src=\"https:\/\/www.sc-selters.de\/wp-content\/uploads\/2014\/12\/wsf-ko-2014.jpg\" alt='' title='wsf ko 2014'  height=\"533\" width=\"800\"  itemprop=\"thumbnailUrl\" srcset=\"https:\/\/www.sc-selters.de\/wp-content\/uploads\/2014\/12\/wsf-ko-2014.jpg 800w, https:\/\/www.sc-selters.de\/wp-content\/uploads\/2014\/12\/wsf-ko-2014-300x200.jpg 300w, https:\/\/www.sc-selters.de\/wp-content\/uploads\/2014\/12\/wsf-ko-2014-705x470.jpg 705w, https:\/\/www.sc-selters.de\/wp-content\/uploads\/2014\/12\/wsf-ko-2014-450x300.jpg 450w\" sizes=\"(max-width: 800px) 100vw, 800px\" \/><\/div><\/div><\/div><br \/>\n\n<style type=\"text\/css\" data-created_by=\"avia_inline_auto\" id=\"style-css-av-mcz1eg09-a66cfdf1e5b00192082b595b364ffca0\">\n.avia-image-container.av-mcz1eg09-a66cfdf1e5b00192082b595b364ffca0 img.avia_image{\nbox-shadow:none;\n}\n.avia-image-container.av-mcz1eg09-a66cfdf1e5b00192082b595b364ffca0 .av-image-caption-overlay-center{\ncolor:#ffffff;\n}\n<\/style>\n<div  class='avia-image-container av-mcz1eg09-a66cfdf1e5b00192082b595b364ffca0 av-styling- avia-align-center  avia-builder-el-6  el_after_av_image  avia-builder-el-last '   itemprop=\"image\" itemscope=\"itemscope\" itemtype=\"https:\/\/schema.org\/ImageObject\" ><div class=\"avia-image-container-inner\"><div class=\"avia-image-overlay-wrap\"><img decoding=\"async\" class='wp-image-1801 avia-img-lazy-loading-not-1801 avia_image ' src=\"https:\/\/www.sc-selters.de\/wp-content\/uploads\/2025\/07\/trhsb25-300x225.jpg\" alt='' title='trhsb25'  height=\"225\" width=\"300\"  itemprop=\"thumbnailUrl\" srcset=\"https:\/\/www.sc-selters.de\/wp-content\/uploads\/2025\/07\/trhsb25-300x225.jpg 300w, https:\/\/www.sc-selters.de\/wp-content\/uploads\/2025\/07\/trhsb25-1030x773.jpg 1030w, https:\/\/www.sc-selters.de\/wp-content\/uploads\/2025\/07\/trhsb25-768x576.jpg 768w, https:\/\/www.sc-selters.de\/wp-content\/uploads\/2025\/07\/trhsb25-1536x1152.jpg 1536w, https:\/\/www.sc-selters.de\/wp-content\/uploads\/2025\/07\/trhsb25-2048x1536.jpg 2048w, https:\/\/www.sc-selters.de\/wp-content\/uploads\/2025\/07\/trhsb25-1500x1125.jpg 1500w, https:\/\/www.sc-selters.de\/wp-content\/uploads\/2025\/07\/trhsb25-705x529.jpg 705w\" sizes=\"(max-width: 300px) 100vw, 300px\" \/><\/div><\/div><\/div><\/p><\/div>\n<style type=\"text\/css\" data-created_by=\"avia_inline_auto\" id=\"style-css-av-4l5ii-7-6dffa714881f21ae5b5d41da1fda9a59\">\n.flex_column.av-4l5ii-7-6dffa714881f21ae5b5d41da1fda9a59{\n-webkit-border-radius:0px 0px 0px 0px;\n-moz-border-radius:0px 0px 0px 0px;\nborder-radius:0px 0px 0px 0px;\npadding:0px 0px 0px 0px;\n}\n<\/style>\n<div class='flex_column av-4l5ii-7-6dffa714881f21ae5b5d41da1fda9a59 av_one_third  avia-builder-el-7  el_after_av_one_third  el_before_av_one_third  flex_column_div av-zero-column-padding column-top-margin'     ><p>\n<style type=\"text\/css\" data-created_by=\"avia_inline_auto\" id=\"style-css-av-3s6ou-6-6331fee0454b3eb7966f78b30ab82528\">\n.avia-image-container.av-3s6ou-6-6331fee0454b3eb7966f78b30ab82528 img.avia_image{\nbox-shadow:none;\n}\n.avia-image-container.av-3s6ou-6-6331fee0454b3eb7966f78b30ab82528 .av-image-caption-overlay-center{\ncolor:#ffffff;\n}\n<\/style>\n<div  class='avia-image-container av-3s6ou-6-6331fee0454b3eb7966f78b30ab82528 av-styling- avia-align-center  avia-builder-el-8  el_before_av_image  avia-builder-el-first '   itemprop=\"image\" itemscope=\"itemscope\" itemtype=\"https:\/\/schema.org\/ImageObject\" ><div class=\"avia-image-container-inner\"><div class=\"avia-image-overlay-wrap\"><img decoding=\"async\" class='wp-image-1277 avia-img-lazy-loading-not-1277 avia_image ' src=\"https:\/\/www.sc-selters.de\/wp-content\/uploads\/2017\/09\/20170822_182145-1030x773.jpg\" alt='' title='vm2017'  height=\"773\" width=\"1030\"  itemprop=\"thumbnailUrl\" srcset=\"https:\/\/www.sc-selters.de\/wp-content\/uploads\/2017\/09\/20170822_182145-1030x773.jpg 1030w, https:\/\/www.sc-selters.de\/wp-content\/uploads\/2017\/09\/20170822_182145-300x225.jpg 300w, https:\/\/www.sc-selters.de\/wp-content\/uploads\/2017\/09\/20170822_182145-768x576.jpg 768w, https:\/\/www.sc-selters.de\/wp-content\/uploads\/2017\/09\/20170822_182145-1500x1125.jpg 1500w, https:\/\/www.sc-selters.de\/wp-content\/uploads\/2017\/09\/20170822_182145-705x529.jpg 705w, https:\/\/www.sc-selters.de\/wp-content\/uploads\/2017\/09\/20170822_182145-450x338.jpg 450w\" sizes=\"(max-width: 1030px) 100vw, 1030px\" \/><\/div><\/div><\/div><br \/>\n\n<style type=\"text\/css\" data-created_by=\"avia_inline_auto\" id=\"style-css-av-3earm-5-16d44fc0b6ee741aeab8ac51835a23ee\">\n.avia-image-container.av-3earm-5-16d44fc0b6ee741aeab8ac51835a23ee img.avia_image{\nbox-shadow:none;\n}\n.avia-image-container.av-3earm-5-16d44fc0b6ee741aeab8ac51835a23ee .av-image-caption-overlay-center{\ncolor:#ffffff;\n}\n<\/style>\n<div  class='avia-image-container av-3earm-5-16d44fc0b6ee741aeab8ac51835a23ee av-styling- avia-align-center  avia-builder-el-9  el_after_av_image  avia-builder-el-last '   itemprop=\"image\" itemscope=\"itemscope\" itemtype=\"https:\/\/schema.org\/ImageObject\" ><div class=\"avia-image-container-inner\"><div class=\"avia-image-overlay-wrap\"><img decoding=\"async\" class='wp-image-931 avia-img-lazy-loading-not-931 avia_image ' src=\"https:\/\/www.sc-selters.de\/wp-content\/uploads\/2013\/09\/patricia-uw.jpg\" alt='' title='patricia uw'  height=\"1080\" width=\"1920\"  itemprop=\"thumbnailUrl\" srcset=\"https:\/\/www.sc-selters.de\/wp-content\/uploads\/2013\/09\/patricia-uw.jpg 1920w, https:\/\/www.sc-selters.de\/wp-content\/uploads\/2013\/09\/patricia-uw-300x169.jpg 300w, https:\/\/www.sc-selters.de\/wp-content\/uploads\/2013\/09\/patricia-uw-1030x579.jpg 1030w, https:\/\/www.sc-selters.de\/wp-content\/uploads\/2013\/09\/patricia-uw-1500x844.jpg 1500w, https:\/\/www.sc-selters.de\/wp-content\/uploads\/2013\/09\/patricia-uw-705x397.jpg 705w, https:\/\/www.sc-selters.de\/wp-content\/uploads\/2013\/09\/patricia-uw-450x253.jpg 450w\" sizes=\"(max-width: 1920px) 100vw, 1920px\" \/><\/div><\/div><\/div><\/p><\/div>\n<style type=\"text\/css\" data-created_by=\"avia_inline_auto\" id=\"style-css-av-2rdgi-dbda5aa4614f7901d6eab34ea68caa46\">\n.flex_column.av-2rdgi-dbda5aa4614f7901d6eab34ea68caa46{\n-webkit-border-radius:0px 0px 0px 0px;\n-moz-border-radius:0px 0px 0px 0px;\nborder-radius:0px 0px 0px 0px;\npadding:0px 0px 0px 0px;\n}\n<\/style>\n<div class='flex_column av-2rdgi-dbda5aa4614f7901d6eab34ea68caa46 av_one_third  avia-builder-el-10  el_after_av_one_third  avia-builder-el-last  flex_column_div av-zero-column-padding column-top-margin'     ><style type=\"text\/css\" data-created_by=\"avia_inline_auto\" id=\"style-css-av-6yzq-69c6bdcca57f75237929c5d965e75bbd\">\n.avia-image-container.av-6yzq-69c6bdcca57f75237929c5d965e75bbd img.avia_image{\nbox-shadow:none;\n}\n.avia-image-container.av-6yzq-69c6bdcca57f75237929c5d965e75bbd .av-image-caption-overlay-center{\ncolor:#ffffff;\n}\n<\/style>\n<div  class='avia-image-container av-6yzq-69c6bdcca57f75237929c5d965e75bbd av-styling- avia-align-center'   itemprop=\"image\" itemscope=\"itemscope\" itemtype=\"https:\/\/schema.org\/ImageObject\" ><div class=\"avia-image-container-inner\"><div class=\"avia-image-overlay-wrap\"><img decoding=\"async\" class='wp-image-921 avia-img-lazy-loading-not-921 avia_image ' src=\"https:\/\/www.sc-selters.de\/wp-content\/uploads\/2015\/04\/IMG-20150429-WA0005.jpg\" alt='' title='IMG-20150429-WA0005'  height=\"1089\" width=\"720\"  itemprop=\"thumbnailUrl\" srcset=\"https:\/\/www.sc-selters.de\/wp-content\/uploads\/2015\/04\/IMG-20150429-WA0005.jpg 720w, https:\/\/www.sc-selters.de\/wp-content\/uploads\/2015\/04\/IMG-20150429-WA0005-198x300.jpg 198w, https:\/\/www.sc-selters.de\/wp-content\/uploads\/2015\/04\/IMG-20150429-WA0005-681x1030.jpg 681w, https:\/\/www.sc-selters.de\/wp-content\/uploads\/2015\/04\/IMG-20150429-WA0005-466x705.jpg 466w, https:\/\/www.sc-selters.de\/wp-content\/uploads\/2015\/04\/IMG-20150429-WA0005-450x681.jpg 450w\" sizes=\"(max-width: 720px) 100vw, 720px\" \/><\/div><\/div><\/div><\/div><\/p>\n<article  class='iconbox iconbox_left av-1jv0u-f2864740be46c8a5286e2c9ca326c113'  itemscope=\"itemscope\" itemtype=\"https:\/\/schema.org\/CreativeWork\" ><div class=\"iconbox_content\"><header class=\"entry-content-header\"><div class=\"iconbox_icon heading-color\" aria-hidden='true' data-av_icon='\ue84f' data-av_iconfont='entypo-fontello'><\/div><h3 class='iconbox_content_title '  itemprop=\"headline\" >Von fr\u00fcher bis heute ...<\/h3><\/header><div class='iconbox_content_container '  itemprop=\"text\" ><p>Ausz\u00fcge aus der Geschichte der Schwimmer.<\/p>\n<\/div><\/div><footer class=\"entry-footer\"><\/footer><\/article>\n<section  class='av_textblock_section av-oaiy-0253a483d797fdbd7fcf208beadb63a5'  itemscope=\"itemscope\" itemtype=\"https:\/\/schema.org\/CreativeWork\" ><div class='avia_textblock'  itemprop=\"text\" ><p><strong>1984:<\/strong> Die Gr\u00fcndungsversammlung des Vereins fand am 19. Oktober 1984 im Gasthaus \u201eZur guten Quelle\u201c statt. 49 Personen, davon 30 Aktive, hatten ihre Willenserkl\u00e4rung abgegeben im Falle der Vereinsgr\u00fcndung Mitglied zu werden. 14 beschlussf\u00e4hige Mitglieder waren erschienen um die Weichen des neuen Vereines zu stellen. Einstimmig wurde die Gr\u00fcndung des \u201eSchwimmclub Selters\u201c beschlossen.<br \/>In den ersten Vorstand wurden gew\u00e4hlt: 1. Vorsitzender: Alfred Milles, 2. Vorsitzender: Udo Schr\u00f6er, Schatzmeister: Eduard Armbruster, Gesch\u00e4ftsf\u00fchrer: Wolfgang Schacht, Sportlicher Leiter: Wolfgang Runkel.<br \/>Nachdem die Nutzung des Hallenbades in Wirges im November 1984 scheiterte begann das Schwimmtraining Anfang Dezember im Hallenbad in Dierdorf.<strong>1985:<\/strong> Am Pfingstsonntag 1985 richtete der SCS in Herschbach sein erstes Schwimmfest aus.<strong>1988: <\/strong>Nach internen Querelen trennte man sich vom sportlichen Leiter und Trainer Wolfgang Runkel. Das Amt wurde dann von Wolfgang Schacht \u00fcbernommen.<strong>1994:<\/strong> Am 14.02.1994 beschritt man sportlich neue Wege. Um sich bei Mannschaftswettk\u00e4mpfen wie dem DMS und DMS-J besser pr\u00e4sentieren zu k\u00f6nnen und den Aktiven mehr Trainingsm\u00f6glichkeiten bieten zu k\u00f6nnen schloss man sich mit der Schwimmabteilung des TuS Dierdorf zur \u201eStartgemeinschaft Westerwald\u201c zusammen, f\u00fcr die der SC bis heute noch startet. 1995 traten noch die Schwimmabteilungen des TuS Montabaur und des TV 08 Baumbach der SGWW bei.<strong>1997: <\/strong>Beim Deutschen Mannschaftswettbewerb Schwimmen (DMS) schaffte die Damenmannschaft der SG Westerwald, die zur H\u00e4lfte aus Selterser Damen bestand, den Aufstieg in die Landesliga Rheinland-Pfalz. Bereits im n\u00e4chsten Jahr folgte jedoch wieder der Abstieg in die Bezirksliga Rheinland.<strong>2000:<\/strong> Am 03.10.2000 verstarb Alfred Milles, Gr\u00fcndungsmitglied, ehem. Vorsitzender und Ehrenvorsitzender des Vereins.<strong>2008:<\/strong> Der SC erweiterte sein Sportangebot. Auf Nachfrage des Verbandsb\u00fcrgermeistersentschloss man sich eine Leichtathletikabteilung zu gr\u00fcnden. Unser Gesch\u00e4ftsf\u00fchrer Manfred Vollbrecht begann schnell die entsprechenden Rahmenbedingen f\u00fcr die Abteilung zu schaffen und nach \u00dcbungsleitern zu Suchen. F\u00fcndig wurde man schnell im eigenen Verein. Unser Mitglied und Leichtathletiktrainer J\u00fcrgen Keser wurde mit ins Boot geholt und \u00fcbernahm die Leitung der Abteilung.<br \/>Im M\u00e4rz 2008 schloss das Hallenbad Dierdorf seine Pforten. Das in die Jahre gekommene Bad sollte generalsaniert werden. F\u00fcr die \u00dcbergangszeit trainierte der SC gemeinsam mit dem TuS Dierdorf im Hallenbad Wirges.<strong>2009:<\/strong> Mit gro\u00dfer Vorfreude sah man auf das Jahr 2009 und das 25 j\u00e4hrige Bestehen des Vereins. Das Jahr begann allerdings f\u00fcr alle mit einem Schock. Im Alter von nur 55 Jahren verstarb pl\u00f6tzlich und unerwartet Manfred Vollbrecht, zuletzt Gesch\u00e4ftsf\u00fchrer und davor lange Jahre 1. Vorsitzender. Da Manfred sich um die Vorbereitungen f\u00fcr die 25 Jahr Feier k\u00fcmmerte, beschloss der Vorstand diese ausfallen zu lassen.<br \/>Im selben Jahr \u00e4nderte sich auch ein Teil der Geschichte des Vereins. Der SC benannte sich von Schwimmclub in Sportclub Selters um. Man wollte so auch der neuen Sportart Leichtathletik gerecht werden. Die Abk\u00fcrzung SC Selters blieb so erhalten.<strong>2010:<\/strong> Am 23.03.2010 zogen die Selterser Schwimmer nach zwei Jahren wieder ihre Bahnen im frisch sanierten Hallenbad in Dierdorf. Allerdings musste man enorme Einbu\u00dfen bei den Nutzungszeiten hinnehmen. So gingen fast 50 % der alten M\u00f6glichkeiten verloren. Dies schlug sich auch deutlich in den Mitgliederstatistiken der Schwimmabteilung nieder. Diese sank von vormals 230 auf 130.<strong>2012: <\/strong>Irmgard Mehren \u00fcbernahm die Leitung der Schwimmabteilung von ihrem Mann Dieter Paffenholz.<strong>2013<\/strong>: Am 05.02.2013 verstarb der fr\u00fchere Abteilungsleiter, Cheftrainer und 2. Vorsitzende Dieter Paffenholz im Alter von 62 Jahren.<strong>2017<\/strong>: Sven Margraf \u00fcbernahm die Leitung der Schwimmabteilung.<\/p>\n<\/div><\/section>\n","protected":false},"excerpt":{"rendered":"","protected":false},"author":1,"featured_media":0,"parent":0,"menu_order":0,"comment_status":"open","ping_status":"open","template":"","meta":{"_bbp_topic_count":0,"_bbp_reply_count":0,"_bbp_total_topic_count":0,"_bbp_total_reply_count":0,"_bbp_voice_count":0,"_bbp_anonymous_reply_count":0,"_bbp_topic_count_hidden":0,"_bbp_reply_count_hidden":0,"_bbp_forum_subforum_count":0,"footnotes":""},"class_list":["post-86","page","type-page","status-publish","hentry"],"_links":{"self":[{"href":"https:\/\/www.sc-selters.de\/index.php?rest_route=\/wp\/v2\/pages\/86","targetHints":{"allow":["GET"]}}],"collection":[{"href":"https:\/\/www.sc-selters.de\/index.php?rest_route=\/wp\/v2\/pages"}],"about":[{"href":"https:\/\/www.sc-selters.de\/index.php?rest_route=\/wp\/v2\/types\/page"}],"author":[{"embeddable":true,"href":"https:\/\/www.sc-selters.de\/index.php?rest_route=\/wp\/v2\/users\/1"}],"replies":[{"embeddable":true,"href":"https:\/\/www.sc-selters.de\/index.php?rest_route=%2Fwp%2Fv2%2Fcomments&post=86"}],"version-history":[{"count":20,"href":"https:\/\/www.sc-selters.de\/index.php?rest_route=\/wp\/v2\/pages\/86\/revisions"}],"predecessor-version":[{"id":1802,"href":"https:\/\/www.sc-selters.de\/index.php?rest_route=\/wp\/v2\/pages\/86\/revisions\/1802"}],"wp:attachment":[{"href":"https:\/\/www.sc-selters.de\/index.php?rest_route=%2Fwp%2Fv2%2Fmedia&parent=86"}],"curies":[{"name":"wp","href":"https:\/\/api.w.org\/{rel}","templated":true}]}}