{"id":77,"date":"2013-09-19T20:01:05","date_gmt":"2013-09-19T18:01:05","guid":{"rendered":"http:\/\/www.scselters.de\/?page_id=77"},"modified":"2017-04-03T20:52:03","modified_gmt":"2017-04-03T18:52:03","slug":"vereinsrekorde","status":"publish","type":"page","link":"https:\/\/www.sc-selters.de\/?page_id=77","title":{"rendered":"Rekorde &#038; Bestenlisten"},"content":{"rendered":"<section  class='av_textblock_section av-av_textblock-396ddf1f42196ca838231e61a4602801'  itemscope=\"itemscope\" itemtype=\"https:\/\/schema.org\/CreativeWork\" ><div class='avia_textblock'  itemprop=\"text\" ><h3>Auf dieser Seite findet ihr die Vereins- und Jahrgangsrekorde sowie die Jahresbestenlisten der vergangenen Jahre.<\/h3>\n<p>In den \u00fcber 30 Jahren seit der Vereinsgr\u00fcndung haben sich viele Zeiten gesammelt. Stand April 2017 sind 664 Wettk\u00e4mpfen mit 20474 Ergebnissen und 6717 Zwischenzeiten erfasst.<\/p>\n<p>Wie bei den meisten alten Daten ist er nur schwer m\u00f6glich alles zu 100% beisammen zu halten. W\u00e4hrend aus der j\u00fcngeren Vergangenheit die Daten nahezu vollst\u00e4ndig sind fehlen aus den fr\u00fchen Jahren viele Zeiten. Wenn noch jemand ein altes Protokoll oder Urkunden von damals hat w\u00fcrden wir uns freuen wenn man uns diese zum Erg\u00e4nzen der Daten zur Verf\u00fcgung stellen k\u00f6nnte.<\/p>\n<\/div><\/section>\n<div  class='hr av-av_hr-d3021aff4e2c88ff75459fd6b3a45a12 hr-default  avia-builder-el-1  el_after_av_textblock  el_before_av_three_fourth '><span class='hr-inner '><span class=\"hr-inner-style\"><\/span><\/span><\/div>\n<div class='flex_column av-av_three_fourth-2a9015ff38129c418a3f2eafba3e9512 av_three_fourth  avia-builder-el-2  el_after_av_hr  el_before_av_one_fourth  first flex_column_div '     ><section  class='av_textblock_section av-av_textblock-396ddf1f42196ca838231e61a4602801'  itemscope=\"itemscope\" itemtype=\"https:\/\/schema.org\/CreativeWork\" ><div class='avia_textblock'  itemprop=\"text\" ><p style=\"text-align: center;\">[wpfilebase tag=file id=4 \/]<\/p>\n<p style=\"text-align: center;\">[wpfilebase tag=file id=16 \/]<\/p>\n<p style=\"text-align: center;\">[wpfilebase tag=file id=78 \/]<\/p>\n<p style=\"text-align: center;\">[wpfilebase tag=file id=156 \/]<\/p>\n<\/div><\/section><\/div>\n\n<style type=\"text\/css\" data-created_by=\"avia_inline_auto\" id=\"style-css-av-av_one_fourth-0aa7055fe62c3622faec82866afbaeb2\">\n.flex_column.av-av_one_fourth-0aa7055fe62c3622faec82866afbaeb2{\n-webkit-border-radius:0px 0px 0px 0px;\n-moz-border-radius:0px 0px 0px 0px;\nborder-radius:0px 0px 0px 0px;\npadding:0px 0px 0px 0px;\n}\n<\/style>\n<div class='flex_column av-av_one_fourth-0aa7055fe62c3622faec82866afbaeb2 av_one_fourth  avia-builder-el-4  el_after_av_three_fourth  el_before_av_hr  flex_column_div av-zero-column-padding '     ><style type=\"text\/css\" data-created_by=\"avia_inline_auto\" id=\"style-css-av-av_heading-f29338a32770fc2220990f3f04259808\">\n#top .av-special-heading.av-av_heading-f29338a32770fc2220990f3f04259808{\npadding-bottom:10px;\nfont-size:30px;\n}\nbody .av-special-heading.av-av_heading-f29338a32770fc2220990f3f04259808 .av-special-heading-tag .heading-char{\nfont-size:25px;\n}\n#top #wrap_all .av-special-heading.av-av_heading-f29338a32770fc2220990f3f04259808 .av-special-heading-tag{\nfont-size:30px;\n}\n.av-special-heading.av-av_heading-f29338a32770fc2220990f3f04259808 .av-subheading{\nfont-size:15px;\n}\n\n@media only screen and (min-width: 480px) and (max-width: 767px){ \n#top #wrap_all .av-special-heading.av-av_heading-f29338a32770fc2220990f3f04259808 .av-special-heading-tag{\nfont-size:0.8em;\n}\n}\n\n@media only screen and (max-width: 479px){ \n#top #wrap_all .av-special-heading.av-av_heading-f29338a32770fc2220990f3f04259808 .av-special-heading-tag{\nfont-size:0.8em;\n}\n}\n<\/style>\n<div  class='av-special-heading av-av_heading-f29338a32770fc2220990f3f04259808 av-special-heading-h3 blockquote classic-quote  avia-builder-el-5  avia-builder-el-no-sibling  av-inherit-size'><h3 class='av-special-heading-tag'  itemprop=\"headline\"  >Rekorde<\/h3><div class=\"special-heading-border\"><div class=\"special-heading-inner-border\"><\/div><\/div><\/div><\/div>\n<div  class='hr av-av_hr-d3021aff4e2c88ff75459fd6b3a45a12 hr-default  avia-builder-el-6  el_after_av_one_fourth  el_before_av_one_fourth '><span class='hr-inner '><span class=\"hr-inner-style\"><\/span><\/span><\/div>\n<div class='flex_column av-av_one_fourth-2a9015ff38129c418a3f2eafba3e9512 av_one_fourth  avia-builder-el-7  el_after_av_hr  el_before_av_three_fourth  first flex_column_div '     ><style type=\"text\/css\" data-created_by=\"avia_inline_auto\" id=\"style-css-av-av_heading-8e13f2f639de53c8e6640ca2ce0d34ab\">\n#top .av-special-heading.av-av_heading-8e13f2f639de53c8e6640ca2ce0d34ab{\npadding-bottom:10px;\nfont-size:30px;\n}\nbody .av-special-heading.av-av_heading-8e13f2f639de53c8e6640ca2ce0d34ab .av-special-heading-tag .heading-char{\nfont-size:25px;\n}\n#top #wrap_all .av-special-heading.av-av_heading-8e13f2f639de53c8e6640ca2ce0d34ab .av-special-heading-tag{\nfont-size:30px;\n}\n.av-special-heading.av-av_heading-8e13f2f639de53c8e6640ca2ce0d34ab .av-subheading{\nfont-size:15px;\n}\n\n@media only screen and (min-width: 480px) and (max-width: 767px){ \n#top #wrap_all .av-special-heading.av-av_heading-8e13f2f639de53c8e6640ca2ce0d34ab .av-special-heading-tag{\nfont-size:0.8em;\n}\n}\n\n@media only screen and (max-width: 479px){ \n#top #wrap_all .av-special-heading.av-av_heading-8e13f2f639de53c8e6640ca2ce0d34ab .av-special-heading-tag{\nfont-size:0.8em;\n}\n}\n<\/style>\n<div  class='av-special-heading av-av_heading-8e13f2f639de53c8e6640ca2ce0d34ab av-special-heading-h3 blockquote classic-quote  avia-builder-el-8  avia-builder-el-no-sibling  av-inherit-size'><h3 class='av-special-heading-tag'  itemprop=\"headline\"  >Bestenlisten<\/h3><div class=\"special-heading-border\"><div class=\"special-heading-inner-border\"><\/div><\/div><\/div><\/div>\n\n<style type=\"text\/css\" data-created_by=\"avia_inline_auto\" id=\"style-css-av-av_three_fourth-0aa7055fe62c3622faec82866afbaeb2\">\n.flex_column.av-av_three_fourth-0aa7055fe62c3622faec82866afbaeb2{\n-webkit-border-radius:0px 0px 0px 0px;\n-moz-border-radius:0px 0px 0px 0px;\nborder-radius:0px 0px 0px 0px;\npadding:0px 0px 0px 0px;\n}\n<\/style>\n<div class='flex_column av-av_three_fourth-0aa7055fe62c3622faec82866afbaeb2 av_three_fourth  avia-builder-el-9  el_after_av_one_fourth  avia-builder-el-last  flex_column_div av-zero-column-padding '     ><section  class='av_textblock_section av-av_textblock-0366cc7376be6c9e82a3e9cc8987b64f'  itemscope=\"itemscope\" itemtype=\"https:\/\/schema.org\/CreativeWork\" ><div class='avia_textblock'  itemprop=\"text\" ><p style=\"text-align: center;\"><strong>Bestenlisten<\/strong><\/p>\n<p style=\"text-align: center;\">[wpfilebase tag=list id=8 tpl=table pagenav=1 num=10 sort=&#8216;&gt;file_date&#8216; \/]<\/p>\n<\/div><\/section><\/div>\n","protected":false},"excerpt":{"rendered":"","protected":false},"author":1,"featured_media":0,"parent":0,"menu_order":0,"comment_status":"open","ping_status":"open","template":"","meta":{"_bbp_topic_count":0,"_bbp_reply_count":0,"_bbp_total_topic_count":0,"_bbp_total_reply_count":0,"_bbp_voice_count":0,"_bbp_anonymous_reply_count":0,"_bbp_topic_count_hidden":0,"_bbp_reply_count_hidden":0,"_bbp_forum_subforum_count":0,"footnotes":""},"class_list":["post-77","page","type-page","status-publish","hentry"],"_links":{"self":[{"href":"https:\/\/www.sc-selters.de\/index.php?rest_route=\/wp\/v2\/pages\/77","targetHints":{"allow":["GET"]}}],"collection":[{"href":"https:\/\/www.sc-selters.de\/index.php?rest_route=\/wp\/v2\/pages"}],"about":[{"href":"https:\/\/www.sc-selters.de\/index.php?rest_route=\/wp\/v2\/types\/page"}],"author":[{"embeddable":true,"href":"https:\/\/www.sc-selters.de\/index.php?rest_route=\/wp\/v2\/users\/1"}],"replies":[{"embeddable":true,"href":"https:\/\/www.sc-selters.de\/index.php?rest_route=%2Fwp%2Fv2%2Fcomments&post=77"}],"version-history":[{"count":23,"href":"https:\/\/www.sc-selters.de\/index.php?rest_route=\/wp\/v2\/pages\/77\/revisions"}],"predecessor-version":[{"id":1533,"href":"https:\/\/www.sc-selters.de\/index.php?rest_route=\/wp\/v2\/pages\/77\/revisions\/1533"}],"wp:attachment":[{"href":"https:\/\/www.sc-selters.de\/index.php?rest_route=%2Fwp%2Fv2%2Fmedia&parent=77"}],"curies":[{"name":"wp","href":"https:\/\/api.w.org\/{rel}","templated":true}]}}