{"id":131,"date":"2013-09-19T21:38:42","date_gmt":"2013-09-19T19:38:42","guid":{"rendered":"http:\/\/www.scselters.de\/?page_id=131"},"modified":"2025-07-11T17:45:04","modified_gmt":"2025-07-11T15:45:04","slug":"kontakt","status":"publish","type":"page","link":"https:\/\/www.sc-selters.de\/?page_id=131","title":{"rendered":"Verein"},"content":{"rendered":"<div class='flex_column av-4dhur-d2fb501fea31c65f2e59a037dd535da3 av_one_half  avia-builder-el-0  el_before_av_one_half  avia-builder-el-first  first flex_column_div '     ><p><article  class='iconbox iconbox_left av-bxamm3-0f931149b11730c493e181562421d71e  avia-builder-el-1  el_before_av_icon_box  avia-builder-el-first '  itemscope=\"itemscope\" itemtype=\"https:\/\/schema.org\/CreativeWork\" ><div class=\"iconbox_content\"><header class=\"entry-content-header\"><div class=\"iconbox_icon heading-color\" aria-hidden='true' data-av_icon='\ue83c' data-av_iconfont='entypo-fontello'><\/div><h3 class='iconbox_content_title '  itemprop=\"headline\" >Kontakt<\/h3><\/header><div class='iconbox_content_container '  itemprop=\"text\" ><p><span style=\"text-decoration: underline;\"><strong>SC Selters e.V.<\/strong><\/span><\/p>\n<p>Sven Margraf<br \/>\n1. Vorsitzender \/ Mitgliederverwaltung<\/p>\n<p>Hauptstra\u00dfe 23<br \/>\n56244 Weidenhahn<\/p>\n<p>02666-919033<br \/>\ninfo[a]sc-selters.de<br \/>\nwww.sc-selters.de<\/p>\n<\/div><\/div><footer class=\"entry-footer\"><\/footer><\/article><br \/>\n<article  class='iconbox iconbox_left av-bucm97-7ee0c1849b599c4e09897bcf6297803c  avia-builder-el-2  el_after_av_icon_box  el_before_av_table '  itemscope=\"itemscope\" itemtype=\"https:\/\/schema.org\/CreativeWork\" ><div class=\"iconbox_content\"><header class=\"entry-content-header\"><div class=\"iconbox_icon heading-color\" aria-hidden='true' data-av_icon='\ue86d' data-av_iconfont='entypo-fontello'><\/div><h3 class='iconbox_content_title '  itemprop=\"headline\" >Mitgliedsbeitr\u00e4ge<\/h3><\/header><div class='iconbox_content_container '  itemprop=\"text\" ><\/div><\/div><footer class=\"entry-footer\"><\/footer><\/article><br \/>\n<div class='avia-data-table-wrap av-bpdl1f-a79b045b9388e1d8e671902a517556ef avia_responsive_table avia-table-1'><table  class='avia-table avia-data-table avia_pricing_default  avia-builder-el-3  el_after_av_icon_box  el_before_av_icon_box '  itemscope=\"itemscope\" itemtype=\"https:\/\/schema.org\/Table\" ><tbody><tr class='avia-heading-row'><th class=''>Gruppe<\/th><th class=''>Beitrag pro Monat<\/th><\/tr><tr class=''><td class=''>Kinder\/Jugendliche<\/td><td class=''>7,00 \u20ac<\/td><\/tr><tr class=''><td class=''>Erwachsene<\/td><td class=''>8,00 \u20ac<\/td><\/tr><tr class=''><td class=''>Sch\u00fcler\/Studenten\/Rentner<br \/>\n(Nur gegen Nachweis)<\/td><td class=''>7,00 \u20ac<\/td><\/tr><tr class=''><td class=''>Familienbeitrag (2 Personen)<\/td><td class=''>11,00 \u20ac<\/td><\/tr><tr class=''><td class=''>Familienbeitrag (3 Personen)<\/td><td class=''>13,00 \u20ac<\/td><\/tr><tr class=''><td class=''>Familienbeitrag (ab 4 Personen)<\/td><td class=''>15,00 \u20ac<\/td><\/tr><tr class=''><td class=''>Aufnahmegeb\u00fchr einmalig<\/td><td class=''>15,00 \u20ac<\/td><\/tr><\/tbody><\/table><\/div><style type='text\/css'>.avia-table-1 td:nth-of-type(1):before { content: 'Gruppe'; } .avia-table-1 td:nth-of-type(2):before { content: 'Beitrag pro Monat'; } <\/style><br \/>\n<article  class='iconbox iconbox_left av-6yxv8j-a425967cd722b819ab860e56e737dec7  avia-builder-el-4  el_after_av_table  el_before_av_table '  itemscope=\"itemscope\" itemtype=\"https:\/\/schema.org\/CreativeWork\" ><div class=\"iconbox_content\"><header class=\"entry-content-header\"><div class=\"iconbox_icon heading-color\" aria-hidden='true' data-av_icon='\ue84b' data-av_iconfont='entypo-fontello'><\/div><h3 class='iconbox_content_title '  itemprop=\"headline\" >Abteilungen<\/h3><\/header><div class='iconbox_content_container '  itemprop=\"text\" ><\/div><\/div><footer class=\"entry-footer\"><\/footer><\/article><br \/>\n<div class='avia-data-table-wrap av-6vvdm3-876bd3c3954dea886063937324fe9283 avia_responsive_table avia-table-2'><table  class='avia-table avia-data-table avia_pricing_default  avia-builder-el-5  el_after_av_icon_box  avia-builder-el-last '  itemscope=\"itemscope\" itemtype=\"https:\/\/schema.org\/Table\" ><tbody><tr class=''><td class=''>Schwimmen<\/td><td class=''>seit 1984<\/td><td class=''>ca. 130 Mitglieder<\/td><\/tr><tr class=''><td class=''>Leichtathletik<\/td><td class=''>seit 2008<\/td><td class=''>ca. 90 Mitglieder<\/td><\/tr><\/tbody><\/table><\/div><\/p><\/div>\n\n<style type=\"text\/css\" data-created_by=\"avia_inline_auto\" id=\"style-css-av-5dv8ez-36f29eb632ae4dcec6542babb8e4f8b8\">\n.flex_column.av-5dv8ez-36f29eb632ae4dcec6542babb8e4f8b8{\n-webkit-border-radius:0px 0px 0px 0px;\n-moz-border-radius:0px 0px 0px 0px;\nborder-radius:0px 0px 0px 0px;\npadding:0px 0px 0px 0px;\n}\n<\/style>\n<div class='flex_column av-5dv8ez-36f29eb632ae4dcec6542babb8e4f8b8 av_one_half  avia-builder-el-6  el_after_av_one_half  el_before_av_two_third  flex_column_div av-zero-column-padding '     ><form action=\"https:\/\/www.sc-selters.de\/?page_id=131\" method=\"post\"  class=\"avia_ajax_form av-form-labels-visible   avia-builder-el-7  avia-builder-el-no-sibling   \" data-avia-form-id=\"1\" data-avia-redirect='' ><h3 class=''>Sende uns eine E-Mail<\/h3><fieldset><p class='  first_form  form_element form_fullwidth' id='element_avia_1_1'><label for=\"avia_1_1\">Name <abbr class=\"required\" title=\"ben\u00f6tigt\">*<\/abbr><\/label> <input name=\"avia_1_1\" class=\"text_input is_empty\" type=\"text\" id=\"avia_1_1\" value=\"\" \/><\/p><p class='  first_form  form_element form_fullwidth' id='element_avia_2_1'><label for=\"avia_2_1\">E-Mail <abbr class=\"required\" title=\"ben\u00f6tigt\">*<\/abbr><\/label> <input name=\"avia_2_1\" class=\"text_input is_email\" type=\"text\" id=\"avia_2_1\" value=\"\" \/><\/p><p class='  first_form  form_element form_fullwidth' id='element_avia_3_1'><label for=\"avia_3_1\">Betreff <abbr class=\"required\" title=\"ben\u00f6tigt\">*<\/abbr><\/label> <input name=\"avia_3_1\" class=\"text_input is_empty\" type=\"text\" id=\"avia_3_1\" value=\"\" \/><\/p><p class='  first_form  form_element form_fullwidth' id='element_avia_4_1'><label for=\"avia_4_1\" class=\"textare_label hidden textare_label_avia_4_1\">Nachricht <abbr class=\"required\" title=\"ben\u00f6tigt\">*<\/abbr><\/label><textarea  name=\"avia_4_1\" class=\"text_area is_empty\" cols=\"40\" rows=\"7\" id=\"avia_4_1\" ><\/textarea><\/p><p class=\"hidden\"><input type=\"text\" name=\"avia_5_1\" class=\"hidden \" id=\"avia_5_1\" value=\"\" \/><\/p><p class='   form_element form_fullwidth' id='element_avia_6_1'><span class='value_verifier_label'>7 + 1 = ?<\/span><input name=\"avia_6_1_verifier\" type=\"hidden\" id=\"avia_6_1_verifier\" value=\"728882543\"\/><label for=\"avia_6_1\">Bitte l\u00f6se die Gleichung. Diese Ma\u00dfnahme dient der Abwehr von Spam <abbr class=\"required\" title=\"ben\u00f6tigt\">*<\/abbr><\/label><input name=\"avia_6_1\" class=\"text_input captcha\" type=\"text\" id=\"avia_6_1\" value=\"\"\/><\/p><p class=\"form_element \"><input type=\"hidden\" value=\"1\" name=\"avia_generated_form1\" \/><input type=\"submit\" value=\"Senden\" class=\"button\"  data-sending-label=\"Sende\"\/><\/p><\/fieldset><\/form><div id=\"ajaxresponse_1\" class=\"ajaxresponse ajaxresponse_1 hidden\"><\/div><\/div><div class='flex_column av-42m6rf-eb224086b519da43971056308f77f457 av_two_third  avia-builder-el-8  el_after_av_one_half  el_before_av_one_third  first flex_column_div column-top-margin'     ><p>\n<style type=\"text\/css\" data-created_by=\"avia_inline_auto\" id=\"style-css-av-boai3-8bbc283d11990d1740ec4a68bb1ed01d\">\n#top .av-special-heading.av-boai3-8bbc283d11990d1740ec4a68bb1ed01d{\npadding-bottom:10px;\n}\nbody .av-special-heading.av-boai3-8bbc283d11990d1740ec4a68bb1ed01d .av-special-heading-tag .heading-char{\nfont-size:25px;\n}\n.av-special-heading.av-boai3-8bbc283d11990d1740ec4a68bb1ed01d .av-subheading{\nfont-size:15px;\n}\n<\/style>\n<div  class='av-special-heading av-boai3-8bbc283d11990d1740ec4a68bb1ed01d av-special-heading-h3  avia-builder-el-9  el_before_av_textblock  avia-builder-el-first '><h3 class='av-special-heading-tag'  itemprop=\"headline\"  >Mitglied werden &#8230;<\/h3><div class=\"special-heading-border\"><div class=\"special-heading-inner-border\"><\/div><\/div><\/div><br \/>\n<section  class='av_textblock_section av-3q1vkz-58fcc50f2a84b1c0f6e234c941409cc6'  itemscope=\"itemscope\" itemtype=\"https:\/\/schema.org\/CreativeWork\" ><div class='avia_textblock'  itemprop=\"text\" ><p>Der Sportclub Selters bietet Ihnen ein interessantes Angebot in den Sportarten Schwimmen und Leichtathletik.<\/p>\n<p>Von Nichtschwimmerkursen und Sportabzeichen angefangen \u00fcber Angebote im Breiten- und Freizeitsport bis hin zum Leistungssport bieten wir alles was das Sportlerherz begehrt.<\/p>\n<p>Wie werde ich Mitglied? Ganz einfach!<\/p>\n<p>Laden Sie sich das nebenstehende Anmeldeformular herunter, f\u00fcllen es aus und schicken es unterschrieben an den Verein oder geben es bei einem unserer \u00dcbungsleiter ab.<\/p>\n<p>Bevor Sie sich f\u00fcr eine Mitgliedschaft entscheiden k\u00f6nnen Sie vorher gerne zum &#8222;schnuppern&#8220; vorbeikommen. Sprechen Sie einfach die Abteilungsleiter oder unsere \u00dcbungsleiter an.<\/p>\n<\/div><\/section><\/p><\/div><\/p>\n\n<style type=\"text\/css\" data-created_by=\"avia_inline_auto\" id=\"style-css-av-3jzbiz-fa959f8841cc76b12a37451b6ad1c7fb\">\n.flex_column.av-3jzbiz-fa959f8841cc76b12a37451b6ad1c7fb{\n-webkit-border-radius:0px 0px 0px 0px;\n-moz-border-radius:0px 0px 0px 0px;\nborder-radius:0px 0px 0px 0px;\npadding:0px 0px 0px 0px;\n}\n<\/style>\n<div class='flex_column av-3jzbiz-fa959f8841cc76b12a37451b6ad1c7fb av_one_third  avia-builder-el-11  el_after_av_two_third  avia-builder-el-last  flex_column_div av-zero-column-padding column-top-margin'     ><section  class='av_textblock_section av-lfyjeo92-03cfe3552776c2d188dcf1672c5bee42'  itemscope=\"itemscope\" itemtype=\"https:\/\/schema.org\/CreativeWork\" ><div class='avia_textblock'  itemprop=\"text\" ><div class='w3eden'><!-- WPDM Link Template: Default Template -->\n\n<div class=\"link-template-default card mb-2\">\n    <div class=\"card-body\">\n        <div class=\"media\">\n            <div class=\"mr-3 img-48\"><img decoding=\"async\" class=\"wpdm_icon\" alt=\"Icon\" src=\"https:\/\/www.sc-selters.de\/wp-content\/plugins\/download-manager\/assets\/file-type-icons\/pdf.svg\" \/><\/div>\n            <div class=\"media-body\">\n                <h3 class=\"package-title\"><a href='https:\/\/www.sc-selters.de\/?wpdmpro=aufnahmeantrag'>Aufnahmeantrag<\/a><\/h3>\n                <div class=\"text-muted text-small\"><i class=\"fas fa-copy\"><\/i> 1 Datei(en) <i class=\"fas fa-hdd ml-3\"><\/i> 313.00 KB<\/div>\n            <\/div>\n            <div class=\"ml-3\">\n                <a class='wpdm-download-link download-on-click btn btn-primary ' rel='nofollow' href='#' data-downloadurl=\"https:\/\/www.sc-selters.de\/?wpdmpro=aufnahmeantrag&wpdmdl=1631&refresh=69e9fed55005d1776942805\">Download<\/a>\n            <\/div>\n        <\/div>\n    <\/div>\n<\/div>\n\n<\/div>\n<div class='w3eden'><!-- WPDM Link Template: Default Template -->\n\n<div class=\"link-template-default card mb-2\">\n    <div class=\"card-body\">\n        <div class=\"media\">\n            <div class=\"mr-3 img-48\"><img decoding=\"async\" class=\"wpdm_icon\" alt=\"Icon\" src=\"https:\/\/www.sc-selters.de\/wp-content\/plugins\/download-manager\/assets\/file-type-icons\/pdf.svg\" \/><\/div>\n            <div class=\"media-body\">\n                <h3 class=\"package-title\"><a href='https:\/\/www.sc-selters.de\/?wpdmpro=satzung-sc-selters-e-v'>Satzung SC Selters e.V.<\/a><\/h3>\n                <div class=\"text-muted text-small\"><i class=\"fas fa-copy\"><\/i> 1 Datei(en) <i class=\"fas fa-hdd ml-3\"><\/i> 352.04 KB<\/div>\n            <\/div>\n            <div class=\"ml-3\">\n                <a class='wpdm-download-link download-on-click btn btn-primary ' rel='nofollow' href='#' data-downloadurl=\"https:\/\/www.sc-selters.de\/?wpdmpro=satzung-sc-selters-e-v&wpdmdl=1629&refresh=69e9fed559bfe1776942805\">Download<\/a>\n            <\/div>\n        <\/div>\n    <\/div>\n<\/div>\n\n<\/div>\n<\/div><\/section><\/div>\n","protected":false},"excerpt":{"rendered":"","protected":false},"author":1,"featured_media":0,"parent":0,"menu_order":0,"comment_status":"open","ping_status":"open","template":"","meta":{"_bbp_topic_count":0,"_bbp_reply_count":0,"_bbp_total_topic_count":0,"_bbp_total_reply_count":0,"_bbp_voice_count":0,"_bbp_anonymous_reply_count":0,"_bbp_topic_count_hidden":0,"_bbp_reply_count_hidden":0,"_bbp_forum_subforum_count":0,"footnotes":""},"class_list":["post-131","page","type-page","status-publish","hentry"],"_links":{"self":[{"href":"https:\/\/www.sc-selters.de\/index.php?rest_route=\/wp\/v2\/pages\/131","targetHints":{"allow":["GET"]}}],"collection":[{"href":"https:\/\/www.sc-selters.de\/index.php?rest_route=\/wp\/v2\/pages"}],"about":[{"href":"https:\/\/www.sc-selters.de\/index.php?rest_route=\/wp\/v2\/types\/page"}],"author":[{"embeddable":true,"href":"https:\/\/www.sc-selters.de\/index.php?rest_route=\/wp\/v2\/users\/1"}],"replies":[{"embeddable":true,"href":"https:\/\/www.sc-selters.de\/index.php?rest_route=%2Fwp%2Fv2%2Fcomments&post=131"}],"version-history":[{"count":35,"href":"https:\/\/www.sc-selters.de\/index.php?rest_route=\/wp\/v2\/pages\/131\/revisions"}],"predecessor-version":[{"id":1785,"href":"https:\/\/www.sc-selters.de\/index.php?rest_route=\/wp\/v2\/pages\/131\/revisions\/1785"}],"wp:attachment":[{"href":"https:\/\/www.sc-selters.de\/index.php?rest_route=%2Fwp%2Fv2%2Fmedia&parent=131"}],"curies":[{"name":"wp","href":"https:\/\/api.w.org\/{rel}","templated":true}]}}